{"id":24,"date":"2022-04-27T15:06:39","date_gmt":"2022-04-27T15:06:39","guid":{"rendered":"https:\/\/wakewithgirls.com\/?page_id=24"},"modified":"2023-07-21T20:25:54","modified_gmt":"2023-07-21T20:25:54","slug":"manifesto","status":"publish","type":"page","link":"https:\/\/wakewithgirls.com\/index.php\/manifesto\/","title":{"rendered":"WWG"},"content":{"rendered":"\t\t<div data-elementor-type=\"wp-page\" data-elementor-id=\"24\" class=\"elementor elementor-24\" data-elementor-post-type=\"page\">\n\t\t\t\t<div class=\"elementor-element elementor-element-c28f75f e-flex e-con-boxed e-con e-parent\" data-id=\"c28f75f\" data-element_type=\"container\" data-e-type=\"container\" data-settings=\"{&quot;background_background&quot;:&quot;classic&quot;,&quot;background_motion_fx_motion_fx_scrolling&quot;:&quot;yes&quot;,&quot;background_motion_fx_translateY_effect&quot;:&quot;yes&quot;,&quot;background_motion_fx_translateY_speed&quot;:{&quot;unit&quot;:&quot;px&quot;,&quot;size&quot;:4,&quot;sizes&quot;:[]},&quot;background_motion_fx_translateY_affectedRange&quot;:{&quot;unit&quot;:&quot;%&quot;,&quot;size&quot;:&quot;&quot;,&quot;sizes&quot;:{&quot;start&quot;:0,&quot;end&quot;:100}},&quot;background_motion_fx_devices&quot;:[&quot;desktop&quot;,&quot;tablet&quot;,&quot;mobile&quot;]}\">\n\t\t\t\t\t<div class=\"e-con-inner\">\n\t\t\t\t<div class=\"elementor-element elementor-element-1a21527 elementor-widget elementor-widget-heading\" data-id=\"1a21527\" data-element_type=\"widget\" data-e-type=\"widget\" data-widget_type=\"heading.default\">\n\t\t\t\t<div class=\"elementor-widget-container\">\n\t\t\t\t\t<h1 class=\"elementor-heading-title elementor-size-default\">MANIFESTO<\/h1>\t\t\t\t<\/div>\n\t\t\t\t<\/div>\n\t\t\t\t<div class=\"elementor-element elementor-element-259191b elementor-widget elementor-widget-heading\" data-id=\"259191b\" data-element_type=\"widget\" data-e-type=\"widget\" data-widget_type=\"heading.default\">\n\t\t\t\t<div class=\"elementor-widget-container\">\n\t\t\t\t\t<h5 class=\"elementor-heading-title elementor-size-default\">miss\u00e3o | prop\u00f3sito<\/h5>\t\t\t\t<\/div>\n\t\t\t\t<\/div>\n\t\t\t\t\t<\/div>\n\t\t\t\t<\/div>\n\t\t<div class=\"elementor-element elementor-element-25bf67ec e-con-full e-flex e-con e-parent\" data-id=\"25bf67ec\" data-element_type=\"container\" data-e-type=\"container\" data-settings=\"{&quot;background_background&quot;:&quot;classic&quot;}\">\n\t\t\t\t<div class=\"elementor-element elementor-element-335c48d4 elementor-widget elementor-widget-heading\" data-id=\"335c48d4\" data-element_type=\"widget\" data-e-type=\"widget\" data-widget_type=\"heading.default\">\n\t\t\t\t<div class=\"elementor-widget-container\">\n\t\t\t\t\t<h2 class=\"elementor-heading-title elementor-size-default\">Valores e prop\u00f3sito WWG<\/h2>\t\t\t\t<\/div>\n\t\t\t\t<\/div>\n\t\t\t\t<div class=\"elementor-element elementor-element-56b15378 elementor-widget__width-initial elementor-widget elementor-widget-heading\" data-id=\"56b15378\" data-element_type=\"widget\" data-e-type=\"widget\" data-widget_type=\"heading.default\">\n\t\t\t\t<div class=\"elementor-widget-container\">\n\t\t\t\t\t<p class=\"elementor-heading-title elementor-size-default\">Acreditamos que tudo o que \u00e9 feito com o cora\u00e7\u00e3o traz bons frutos e por isso, a Wake with Girls nasceu da vontade de mostrar que o Wakeboard \u00e9 um desporto para todos. Pretendemos trazer mais raparigas para a modalidade e consequentemente mais praticantes<\/p>\t\t\t\t<\/div>\n\t\t\t\t<\/div>\n\t\t\t\t<\/div>\n\t\t<div class=\"elementor-element elementor-element-c63f18c e-con-full e-flex e-con e-parent\" data-id=\"c63f18c\" data-element_type=\"container\" data-e-type=\"container\" data-settings=\"{&quot;background_background&quot;:&quot;classic&quot;}\">\n\t\t\t\t<div class=\"elementor-element elementor-element-c70533a elementor-widget elementor-widget-heading\" data-id=\"c70533a\" data-element_type=\"widget\" data-e-type=\"widget\" data-widget_type=\"heading.default\">\n\t\t\t\t<div class=\"elementor-widget-container\">\n\t\t\t\t\t<h2 class=\"elementor-heading-title elementor-size-default\">Quem somos<\/h2>\t\t\t\t<\/div>\n\t\t\t\t<\/div>\n\t\t\t\t<\/div>\n\t\t<div class=\"elementor-element elementor-element-f77de0a e-con-full e-flex e-con e-parent\" data-id=\"f77de0a\" data-element_type=\"container\" data-e-type=\"container\">\n\t\t<div class=\"elementor-element elementor-element-8b027bb e-con-full e-flex e-con e-parent\" data-id=\"8b027bb\" data-element_type=\"container\" data-e-type=\"container\">\n\t\t\t\t<div class=\"elementor-element elementor-element-008a1d8 elementor-widget elementor-widget-image\" data-id=\"008a1d8\" data-element_type=\"widget\" data-e-type=\"widget\" data-widget_type=\"image.default\">\n\t\t\t\t<div class=\"elementor-widget-container\">\n\t\t\t\t\t\t\t\t\t\t\t\t\t\t\t<img fetchpriority=\"high\" decoding=\"async\" width=\"769\" height=\"1024\" src=\"https:\/\/wakewithgirls.com\/wp-content\/uploads\/2023\/07\/wwg7-769x1024.png\" class=\"attachment-large size-large wp-image-814\" alt=\"\" srcset=\"https:\/\/wakewithgirls.com\/wp-content\/uploads\/2023\/07\/wwg7-769x1024.png 769w, https:\/\/wakewithgirls.com\/wp-content\/uploads\/2023\/07\/wwg7-225x300.png 225w, https:\/\/wakewithgirls.com\/wp-content\/uploads\/2023\/07\/wwg7-768x1023.png 768w, https:\/\/wakewithgirls.com\/wp-content\/uploads\/2023\/07\/wwg7-1153x1536.png 1153w, https:\/\/wakewithgirls.com\/wp-content\/uploads\/2023\/07\/wwg7.png 1176w\" sizes=\"(max-width: 769px) 100vw, 769px\" \/>\t\t\t\t\t\t\t\t\t\t\t\t\t\t\t<\/div>\n\t\t\t\t<\/div>\n\t\t\t\t<div class=\"elementor-element elementor-element-3eca5ec elementor-widget elementor-widget-heading\" data-id=\"3eca5ec\" data-element_type=\"widget\" data-e-type=\"widget\" data-widget_type=\"heading.default\">\n\t\t\t\t<div class=\"elementor-widget-container\">\n\t\t\t\t\t<h2 class=\"elementor-heading-title elementor-size-default\">Joana Leit\u00e3o<\/h2>\t\t\t\t<\/div>\n\t\t\t\t<\/div>\n\t\t\t\t<div class=\"elementor-element elementor-element-20b3bfd elementor-widget elementor-widget-text-editor\" data-id=\"20b3bfd\" data-element_type=\"widget\" data-e-type=\"widget\" data-widget_type=\"text-editor.default\">\n\t\t\t\t<div class=\"elementor-widget-container\">\n\t\t\t\t\t\t\t\t\t<p>Vice Campe\u00e3 Nacional \u201919<\/p><p>Licenciada em Radiologia, largou o caos e a vida apressada da cidade para se envolver de forma mais s\u00e9ria com a Natureza e o Desporto, entregando-se de alma e cora\u00e7\u00e3o ao projeto da Zab Living e WWG<\/p>\t\t\t\t\t\t\t\t<\/div>\n\t\t\t\t<\/div>\n\t\t\t\t<\/div>\n\t\t<div class=\"elementor-element elementor-element-23151ab e-con-full e-flex e-con e-parent\" data-id=\"23151ab\" data-element_type=\"container\" data-e-type=\"container\">\n\t\t\t\t<div class=\"elementor-element elementor-element-ebb9515 elementor-widget elementor-widget-image\" data-id=\"ebb9515\" data-element_type=\"widget\" data-e-type=\"widget\" data-widget_type=\"image.default\">\n\t\t\t\t<div class=\"elementor-widget-container\">\n\t\t\t\t\t\t\t\t\t\t\t\t\t\t\t<img decoding=\"async\" width=\"757\" height=\"1024\" src=\"https:\/\/wakewithgirls.com\/wp-content\/uploads\/2023\/07\/wwg8-757x1024.png\" class=\"attachment-large size-large wp-image-815\" alt=\"\" srcset=\"https:\/\/wakewithgirls.com\/wp-content\/uploads\/2023\/07\/wwg8-757x1024.png 757w, https:\/\/wakewithgirls.com\/wp-content\/uploads\/2023\/07\/wwg8-222x300.png 222w, https:\/\/wakewithgirls.com\/wp-content\/uploads\/2023\/07\/wwg8-768x1039.png 768w, https:\/\/wakewithgirls.com\/wp-content\/uploads\/2023\/07\/wwg8-1136x1536.png 1136w, https:\/\/wakewithgirls.com\/wp-content\/uploads\/2023\/07\/wwg8.png 1256w\" sizes=\"(max-width: 757px) 100vw, 757px\" \/>\t\t\t\t\t\t\t\t\t\t\t\t\t\t\t<\/div>\n\t\t\t\t<\/div>\n\t\t\t\t<div class=\"elementor-element elementor-element-6137d5d elementor-widget elementor-widget-heading\" data-id=\"6137d5d\" data-element_type=\"widget\" data-e-type=\"widget\" data-widget_type=\"heading.default\">\n\t\t\t\t<div class=\"elementor-widget-container\">\n\t\t\t\t\t<h2 class=\"elementor-heading-title elementor-size-default\">Rute Marta<\/h2>\t\t\t\t<\/div>\n\t\t\t\t<\/div>\n\t\t\t\t<div class=\"elementor-element elementor-element-6163c8e elementor-widget elementor-widget-text-editor\" data-id=\"6163c8e\" data-element_type=\"widget\" data-e-type=\"widget\" data-widget_type=\"text-editor.default\">\n\t\t\t\t<div class=\"elementor-widget-container\">\n\t\t\t\t\t\t\t\t\t<p>Campe\u00e3 Nacional \u201919<\/p><p>Licenciada em Gest\u00e3o e com 20 anos de experi\u00eancia na \u00e1rea de grande consumo e Retail em empresas como a Henkel e a Nike, decidiu regressar a Portugal para se dedicar ao que mais gosta<\/p>\t\t\t\t\t\t\t\t<\/div>\n\t\t\t\t<\/div>\n\t\t\t\t<\/div>\n\t\t\t\t<\/div>\n\t\t<div class=\"elementor-element elementor-element-87d7afd e-flex e-con-boxed e-con e-parent\" data-id=\"87d7afd\" data-element_type=\"container\" data-e-type=\"container\">\n\t\t\t\t\t<div class=\"e-con-inner\">\n\t\t\t\t<div class=\"elementor-element elementor-element-ddc022d elementor-widget elementor-widget-spacer\" data-id=\"ddc022d\" data-element_type=\"widget\" data-e-type=\"widget\" data-widget_type=\"spacer.default\">\n\t\t\t\t<div class=\"elementor-widget-container\">\n\t\t\t\t\t\t\t<div class=\"elementor-spacer\">\n\t\t\t<div class=\"elementor-spacer-inner\"><\/div>\n\t\t<\/div>\n\t\t\t\t\t\t<\/div>\n\t\t\t\t<\/div>\n\t\t\t\t\t<\/div>\n\t\t\t\t<\/div>\n\t\t<div class=\"elementor-element elementor-element-f525bac e-con-full e-flex e-con e-parent\" data-id=\"f525bac\" data-element_type=\"container\" data-e-type=\"container\" data-settings=\"{&quot;background_background&quot;:&quot;classic&quot;}\">\n\t\t\t\t<div class=\"elementor-element elementor-element-a43cd31 elementor-widget__width-initial elementor-widget-tablet__width-inherit elementor-widget elementor-widget-image\" data-id=\"a43cd31\" data-element_type=\"widget\" data-e-type=\"widget\" data-widget_type=\"image.default\">\n\t\t\t\t<div class=\"elementor-widget-container\">\n\t\t\t\t\t\t\t\t\t\t\t\t\t\t\t<img decoding=\"async\" width=\"800\" height=\"596\" src=\"https:\/\/wakewithgirls.com\/wp-content\/uploads\/2023\/07\/d4ce9176-5031-420e-88b5-65f079b03e08-2-1024x763.jpg\" class=\"attachment-large size-large wp-image-719\" alt=\"\" srcset=\"https:\/\/wakewithgirls.com\/wp-content\/uploads\/2023\/07\/d4ce9176-5031-420e-88b5-65f079b03e08-2-1024x763.jpg 1024w, https:\/\/wakewithgirls.com\/wp-content\/uploads\/2023\/07\/d4ce9176-5031-420e-88b5-65f079b03e08-2-300x223.jpg 300w, https:\/\/wakewithgirls.com\/wp-content\/uploads\/2023\/07\/d4ce9176-5031-420e-88b5-65f079b03e08-2-768x572.jpg 768w, https:\/\/wakewithgirls.com\/wp-content\/uploads\/2023\/07\/d4ce9176-5031-420e-88b5-65f079b03e08-2-1536x1144.jpg 1536w, https:\/\/wakewithgirls.com\/wp-content\/uploads\/2023\/07\/d4ce9176-5031-420e-88b5-65f079b03e08-2-2048x1525.jpg 2048w\" sizes=\"(max-width: 800px) 100vw, 800px\" \/>\t\t\t\t\t\t\t\t\t\t\t\t\t\t\t<\/div>\n\t\t\t\t<\/div>\n\t\t<div class=\"elementor-element elementor-element-e3346d6 e-con-full e-flex e-con e-parent\" data-id=\"e3346d6\" data-element_type=\"container\" data-e-type=\"container\">\n\t\t\t\t<div class=\"elementor-element elementor-element-381900e elementor-widget elementor-widget-heading\" data-id=\"381900e\" data-element_type=\"widget\" data-e-type=\"widget\" data-widget_type=\"heading.default\">\n\t\t\t\t<div class=\"elementor-widget-container\">\n\t\t\t\t\t<h2 class=\"elementor-heading-title elementor-size-default\">Fam\u00edlia, amigos e muita divers\u00e3o<\/h2>\t\t\t\t<\/div>\n\t\t\t\t<\/div>\n\t\t\t\t<div class=\"elementor-element elementor-element-bfa4fd2 elementor-widget elementor-widget-text-editor\" data-id=\"bfa4fd2\" data-element_type=\"widget\" data-e-type=\"widget\" data-widget_type=\"text-editor.default\">\n\t\t\t\t<div class=\"elementor-widget-container\">\n\t\t\t\t\t\t\t\t\t<p>N\u00e3o sabemos nenhuma f\u00f3rmula secreta, mas acreditamos que estes ingredientes s\u00e3o fundamentais para que as experi\u00eancias fora e dentro de \u00e1gua se tornem memor\u00e1veis. Trazendo assim a perfeita sintonia entre o desporto e que nos aquece o cora\u00e7\u00e3o<\/p><p>\u00a0<\/p>\t\t\t\t\t\t\t\t<\/div>\n\t\t\t\t<\/div>\n\t\t\t\t<\/div>\n\t\t\t\t<\/div>\n\t\t<div class=\"elementor-element elementor-element-af820e6 e-con-full e-flex e-con e-parent\" data-id=\"af820e6\" data-element_type=\"container\" data-e-type=\"container\" data-settings=\"{&quot;background_background&quot;:&quot;classic&quot;}\">\n\t\t\t\t<div class=\"elementor-element elementor-element-41bcf1b elementor-widget__width-initial elementor-widget elementor-widget-heading\" data-id=\"41bcf1b\" data-element_type=\"widget\" data-e-type=\"widget\" data-widget_type=\"heading.default\">\n\t\t\t\t<div class=\"elementor-widget-container\">\n\t\t\t\t\t<h2 class=\"elementor-heading-title elementor-size-default\">H\u00e1 mais de 15 anos a contribuir para a modalidade<\/h2>\t\t\t\t<\/div>\n\t\t\t\t<\/div>\n\t\t\t\t<div class=\"elementor-element elementor-element-cf68004 elementor-widget__width-initial elementor-widget elementor-widget-text-editor\" data-id=\"cf68004\" data-element_type=\"widget\" data-e-type=\"widget\" data-widget_type=\"text-editor.default\">\n\t\t\t\t<div class=\"elementor-widget-container\">\n\t\t\t\t\t\t\t\t\t<p>Desde participa\u00e7\u00e3o e organiza\u00e7\u00e3o de competi\u00e7\u00f5es nacionais e internacionais, abertura do cable park de Fernandaires (&#8217;16), Girls wakecamps, membros da APWake, entre outros, temos orgulho de fazer parte desta fam\u00edlia<\/p>\t\t\t\t\t\t\t\t<\/div>\n\t\t\t\t<\/div>\n\t\t\t\t<\/div>\n\t\t<div class=\"elementor-element elementor-element-411bc34f e-con-full e-flex e-con e-parent\" data-id=\"411bc34f\" data-element_type=\"container\" data-e-type=\"container\" data-settings=\"{&quot;background_background&quot;:&quot;classic&quot;}\">\n\t\t<div class=\"elementor-element elementor-element-4328ac7e e-con-full e-flex e-con e-parent\" data-id=\"4328ac7e\" data-element_type=\"container\" data-e-type=\"container\">\n\t\t\t\t<div class=\"elementor-element elementor-element-7216bfe4 elementor-widget elementor-widget-heading\" data-id=\"7216bfe4\" data-element_type=\"widget\" data-e-type=\"widget\" data-widget_type=\"heading.default\">\n\t\t\t\t<div class=\"elementor-widget-container\">\n\t\t\t\t\t<h2 class=\"elementor-heading-title elementor-size-default\">Eventos<\/h2>\t\t\t\t<\/div>\n\t\t\t\t<\/div>\n\t\t\t\t<\/div>\n\t\t<div class=\"elementor-element elementor-element-3d65e1bd e-con-full e-flex e-con e-parent\" data-id=\"3d65e1bd\" data-element_type=\"container\" data-e-type=\"container\">\n\t\t\t\t<div class=\"elementor-element elementor-element-31c88114 elementor-widget elementor-widget-heading\" data-id=\"31c88114\" data-element_type=\"widget\" data-e-type=\"widget\" data-widget_type=\"heading.default\">\n\t\t\t\t<div class=\"elementor-widget-container\">\n\t\t\t\t\t<h3 class=\"elementor-heading-title elementor-size-default\">Cable<\/h3>\t\t\t\t<\/div>\n\t\t\t\t<\/div>\n\t\t\t\t<\/div>\n\t\t<div class=\"elementor-element elementor-element-30310df e-con-full e-flex e-con e-parent\" data-id=\"30310df\" data-element_type=\"container\" data-e-type=\"container\">\n\t\t\t\t<div class=\"elementor-element elementor-element-7545c74f elementor-widget elementor-widget-heading\" data-id=\"7545c74f\" data-element_type=\"widget\" data-e-type=\"widget\" data-widget_type=\"heading.default\">\n\t\t\t\t<div class=\"elementor-widget-container\">\n\t\t\t\t\t<h3 class=\"elementor-heading-title elementor-size-default\">Barco<\/h3>\t\t\t\t<\/div>\n\t\t\t\t<\/div>\n\t\t\t\t<\/div>\n\t\t\t\t<\/div>\n\t\t<div class=\"elementor-element elementor-element-edcd9d0 e-con-full e-flex e-con e-parent\" data-id=\"edcd9d0\" data-element_type=\"container\" data-e-type=\"container\" data-settings=\"{&quot;background_background&quot;:&quot;classic&quot;}\">\n\t\t\t\t<div class=\"elementor-element elementor-element-f377605 elementor-widget elementor-widget-heading\" data-id=\"f377605\" data-element_type=\"widget\" data-e-type=\"widget\" data-widget_type=\"heading.default\">\n\t\t\t\t<div class=\"elementor-widget-container\">\n\t\t\t\t\t<h2 class=\"elementor-heading-title elementor-size-default\">Junta-te a n\u00f3s<\/h2>\t\t\t\t<\/div>\n\t\t\t\t<\/div>\n\t\t\t\t<div class=\"elementor-element elementor-element-52d9cc9 elementor-widget__width-initial elementor-widget elementor-widget-text-editor\" data-id=\"52d9cc9\" data-element_type=\"widget\" data-e-type=\"widget\" data-widget_type=\"text-editor.default\">\n\t\t\t\t<div class=\"elementor-widget-container\">\n\t\t\t\t\t\t\t\t\t<p>Ao longo dos anos a fam\u00edlia do lago tem crescido, assim como o wake.<br>E tu, do que esperas para entrar na nossa onda?<\/p>\t\t\t\t\t\t\t\t<\/div>\n\t\t\t\t<\/div>\n\t\t\t\t<div class=\"elementor-element elementor-element-4a62d1d elementor-align-center elementor-tablet-align-center elementor-widget elementor-widget-button\" data-id=\"4a62d1d\" data-element_type=\"widget\" data-e-type=\"widget\" data-widget_type=\"button.default\">\n\t\t\t\t<div class=\"elementor-widget-container\">\n\t\t\t\t\t\t\t\t\t<div class=\"elementor-button-wrapper\">\n\t\t\t\t\t<a class=\"elementor-button elementor-button-link elementor-size-xs elementor-animation-grow\" href=\"https:\/\/wakewithgirls.com\/index.php\/contactos\/\">\n\t\t\t\t\t\t<span class=\"elementor-button-content-wrapper\">\n\t\t\t\t\t\t\t\t\t<span class=\"elementor-button-text\">Agendar<\/span>\n\t\t\t\t\t<\/span>\n\t\t\t\t\t<\/a>\n\t\t\t\t<\/div>\n\t\t\t\t\t\t\t\t<\/div>\n\t\t\t\t<\/div>\n\t\t\t\t<\/div>\n\t\t\t\t<\/div>\n\t\t","protected":false},"excerpt":{"rendered":"<p>MANIFESTO miss\u00e3o | prop\u00f3sito Valores e prop\u00f3sito WWG Acreditamos que tudo o que \u00e9 feito com o cora\u00e7\u00e3o traz bons frutos e por isso, a Wake with Girls nasceu da vontade de mostrar que o Wakeboard \u00e9 um desporto para todos. Pretendemos trazer mais raparigas para a modalidade e consequentemente mais praticantes Quem somos Joana [&hellip;]<\/p>\n","protected":false},"author":1,"featured_media":0,"parent":0,"menu_order":0,"comment_status":"closed","ping_status":"closed","template":"","meta":{"footnotes":""},"class_list":["post-24","page","type-page","status-publish","hentry"],"_links":{"self":[{"href":"https:\/\/wakewithgirls.com\/index.php\/wp-json\/wp\/v2\/pages\/24","targetHints":{"allow":["GET"]}}],"collection":[{"href":"https:\/\/wakewithgirls.com\/index.php\/wp-json\/wp\/v2\/pages"}],"about":[{"href":"https:\/\/wakewithgirls.com\/index.php\/wp-json\/wp\/v2\/types\/page"}],"author":[{"embeddable":true,"href":"https:\/\/wakewithgirls.com\/index.php\/wp-json\/wp\/v2\/users\/1"}],"replies":[{"embeddable":true,"href":"https:\/\/wakewithgirls.com\/index.php\/wp-json\/wp\/v2\/comments?post=24"}],"version-history":[{"count":69,"href":"https:\/\/wakewithgirls.com\/index.php\/wp-json\/wp\/v2\/pages\/24\/revisions"}],"predecessor-version":[{"id":875,"href":"https:\/\/wakewithgirls.com\/index.php\/wp-json\/wp\/v2\/pages\/24\/revisions\/875"}],"wp:attachment":[{"href":"https:\/\/wakewithgirls.com\/index.php\/wp-json\/wp\/v2\/media?parent=24"}],"curies":[{"name":"wp","href":"https:\/\/api.w.org\/{rel}","templated":true}]}}